{"id":105,"date":"2020-03-25T11:58:03","date_gmt":"2020-03-25T10:58:03","guid":{"rendered":"https:\/\/dietrichconsulting.ch\/webseite\/?page_id=105"},"modified":"2024-08-15T21:47:04","modified_gmt":"2024-08-15T19:47:04","slug":"direct-search","status":"publish","type":"page","link":"https:\/\/www.dietrichconsulting.ch\/fr\/direct-search\/","title":{"rendered":"Direct Search"},"content":{"rendered":"<style type=\"text\/css\" data-created_by=\"avia_inline_auto\" id=\"style-css-av-k877rh2n-0db875a5d5e54c0f76086c3e48d99993\">\n.avia-section.av-k877rh2n-0db875a5d5e54c0f76086c3e48d99993{\nbackground-repeat:no-repeat;\nbackground-image:url(https:\/\/www.dietrichconsulting.ch\/webseite\/wp-content\/uploads\/2020\/04\/direct-search-dietrich-consulting-scaled.jpg);\nbackground-position:50% 50%;\nbackground-attachment:scroll;\n}\n<\/style>\n<div id='av_section_1'  class='avia-section av-k877rh2n-0db875a5d5e54c0f76086c3e48d99993 main_color avia-section-default avia-no-border-styling  avia-builder-el-0  el_before_av_section  avia-builder-el-first  avia-full-stretch avia-bg-style-scroll av-minimum-height av-minimum-height-50 av-height-50  container_wrap fullsize'  data-section-bg-repeat='stretch' data-av_minimum_height_pc='50' data-av_min_height_opt='50'><div class='container av-section-cont-open' ><main  role=\"main\" itemprop=\"mainContentOfPage\"  class='template-page content  av-content-full alpha units'><div class='post-entry post-entry-type-page post-entry-105'><div class='entry-content-wrapper clearfix'>\n<\/div><\/div><\/main><!-- close content main element --><\/div><\/div>\n<style type=\"text\/css\" data-created_by=\"avia_inline_auto\" id=\"style-css-av-1oagj-ea3eafcc7afaec393fc159ff959eb6ea\">\n.avia-section.av-1oagj-ea3eafcc7afaec393fc159ff959eb6ea{\nbackground-color:#ffffff;\nbackground-image:unset;\n}\n<\/style>\n<div id='av_section_2'  class='avia-section av-1oagj-ea3eafcc7afaec393fc159ff959eb6ea main_color avia-section-default avia-no-border-styling  avia-builder-el-1  el_after_av_section  avia-builder-el-last  avia-bg-style-scroll container_wrap fullsize'  ><div class='container av-section-cont-open' ><div class='template-page content  av-content-full alpha units'><div class='post-entry post-entry-type-page post-entry-105'><div class='entry-content-wrapper clearfix'>\n\n<style type=\"text\/css\" data-created_by=\"avia_inline_auto\" id=\"style-css-av-afk55-9b6ce7fa744c2a3d52f9da1f43921c17\">\n#top .av-special-heading.av-afk55-9b6ce7fa744c2a3d52f9da1f43921c17{\npadding-bottom:10px;\n}\nbody .av-special-heading.av-afk55-9b6ce7fa744c2a3d52f9da1f43921c17 .av-special-heading-tag .heading-char{\nfont-size:25px;\n}\n.av-special-heading.av-afk55-9b6ce7fa744c2a3d52f9da1f43921c17 .av-subheading{\nfont-size:15px;\n}\n<\/style>\n<div  class='av-special-heading av-afk55-9b6ce7fa744c2a3d52f9da1f43921c17 av-special-heading-h2 blockquote modern-quote  avia-builder-el-2  el_before_av_textblock  avia-builder-el-first'><h2 class='av-special-heading-tag'  itemprop=\"headline\"  >Direct Search<\/h2><div class=\"special-heading-border\"><div class=\"special-heading-inner-border\"><\/div><\/div><\/div>\n\n<style type=\"text\/css\" data-created_by=\"avia_inline_auto\" id=\"style-css-av-k7n6clld-9fe925d5cbb5edf2e9ca860ec9a2ccd8\">\n#top .av_textblock_section.av-k7n6clld-9fe925d5cbb5edf2e9ca860ec9a2ccd8 .avia_textblock{\nfont-size:20px;\ncolor:#000000;\n}\n<\/style>\n<section  class='av_textblock_section av-k7n6clld-9fe925d5cbb5edf2e9ca860ec9a2ccd8'   itemscope=\"itemscope\" itemtype=\"https:\/\/schema.org\/CreativeWork\" ><div class='avia_textblock av_inherit_color'  itemprop=\"text\" ><p>Nous trouvons des candidats appropri\u00e9s uniquement par le moyen de la prise de contact directe. Peu importe si une recherche de personnel doit \u00eatre discr\u00e8te ou non, nous renon\u00e7ons d\u00e9lib\u00e9r\u00e9ment \u00e0 l'utilisation d'offres d'emploi. Selon notre exp\u00e9rience, nos personnes cibles ne s'adressent pas activement au march\u00e9.<\/p>\n<p>Le d\u00e9nominateur commun de toute recherche structur\u00e9e est l'analyse d\u00e9taill\u00e9e d'un profil de poste. Les autres \u00e9tapes du processus s'alignent sur les directives du client concern\u00e9 afin de garantir un d\u00e9roulement du projet efficace.<\/p>\n<p>Les entreprises qui travaillent avec nous sur la base d'un mandat b\u00e9n\u00e9ficient d'une protection accrue de leurs honoraires ainsi que d'un contr\u00f4le sur les personnes que nous approchons.<\/p>\n<p>Nous serions heureux de vous pr\u00e9senter notre approche structur\u00e9e de recherche directe en 5 \u00e9tapes lors d'un entretien personnel et nous nous r\u00e9jouissons de votre prise de contact.<\/p>\n<\/div><\/section>\n\n<style type=\"text\/css\" data-created_by=\"avia_inline_auto\" id=\"style-css-av-k9mvf5bc-d1c7b6c2c2271c0850787e4110ff4830\">\n#top .hr.hr-invisible.av-k9mvf5bc-d1c7b6c2c2271c0850787e4110ff4830{\nheight:5px;\n}\n<\/style>\n<div  class='hr av-k9mvf5bc-d1c7b6c2c2271c0850787e4110ff4830 hr-invisible  avia-builder-el-4  el_after_av_textblock  avia-builder-el-last'><span class='hr-inner'><span class=\"hr-inner-style\"><\/span><\/span><\/div>","protected":false},"excerpt":{"rendered":"","protected":false},"author":1,"featured_media":0,"parent":0,"menu_order":0,"comment_status":"closed","ping_status":"closed","template":"","meta":{"footnotes":""},"class_list":["post-105","page","type-page","status-publish","hentry"],"yoast_head":"<!-- This site is optimized with the Yoast SEO plugin v27.5 - https:\/\/yoast.com\/product\/yoast-seo-wordpress\/ -->\n<title>Direct Search - Dietrich Consulting<\/title>\n<meta name=\"description\" content=\"Unsere Zielpersonen reagieren erfahrungsgem\u00e4ss nicht auf Stelleninserate. Mit Hilfe unseres Direct Search Ansatzes finden und kontaktieren wir sie. Unabh\u00e4ngig ob eine Personalsuche diskret verlaufen muss oder nicht.\" \/>\n<meta name=\"robots\" content=\"index, follow, max-snippet:-1, max-image-preview:large, max-video-preview:-1\" \/>\n<link rel=\"canonical\" href=\"https:\/\/www.dietrichconsulting.ch\/fr\/direct-search\/\" \/>\n<meta property=\"og:locale\" content=\"fr_FR\" \/>\n<meta property=\"og:type\" content=\"article\" \/>\n<meta property=\"og:title\" content=\"Direct Search - Dietrich Consulting\" \/>\n<meta property=\"og:description\" content=\"Unsere Zielpersonen reagieren erfahrungsgem\u00e4ss nicht auf Stelleninserate. Mit Hilfe unseres Direct Search Ansatzes finden und kontaktieren wir sie. Unabh\u00e4ngig ob eine Personalsuche diskret verlaufen muss oder nicht.\" \/>\n<meta property=\"og:url\" content=\"https:\/\/www.dietrichconsulting.ch\/fr\/direct-search\/\" \/>\n<meta property=\"og:site_name\" content=\"Dietrich Consulting\" \/>\n<meta property=\"article:modified_time\" content=\"2024-08-15T19:47:04+00:00\" \/>\n<meta name=\"twitter:card\" content=\"summary_large_image\" \/>\n<meta name=\"twitter:label1\" content=\"Dur\u00e9e de lecture estim\u00e9e\" \/>\n\t<meta name=\"twitter:data1\" content=\"1 minute\" \/>\n<script type=\"application\/ld+json\" class=\"yoast-schema-graph\">{\"@context\":\"https:\\\/\\\/schema.org\",\"@graph\":[{\"@type\":\"WebPage\",\"@id\":\"https:\\\/\\\/www.dietrichconsulting.ch\\\/direct-search\\\/\",\"url\":\"https:\\\/\\\/www.dietrichconsulting.ch\\\/direct-search\\\/\",\"name\":\"Direct Search - Dietrich Consulting\",\"isPartOf\":{\"@id\":\"https:\\\/\\\/www.dietrichconsulting.ch\\\/#website\"},\"datePublished\":\"2020-03-25T10:58:03+00:00\",\"dateModified\":\"2024-08-15T19:47:04+00:00\",\"description\":\"Unsere Zielpersonen reagieren erfahrungsgem\u00e4ss nicht auf Stelleninserate. Mit Hilfe unseres Direct Search Ansatzes finden und kontaktieren wir sie. Unabh\u00e4ngig ob eine Personalsuche diskret verlaufen muss oder nicht.\",\"breadcrumb\":{\"@id\":\"https:\\\/\\\/www.dietrichconsulting.ch\\\/direct-search\\\/#breadcrumb\"},\"inLanguage\":\"fr-FR\",\"potentialAction\":[{\"@type\":\"ReadAction\",\"target\":[\"https:\\\/\\\/www.dietrichconsulting.ch\\\/direct-search\\\/\"]}]},{\"@type\":\"BreadcrumbList\",\"@id\":\"https:\\\/\\\/www.dietrichconsulting.ch\\\/direct-search\\\/#breadcrumb\",\"itemListElement\":[{\"@type\":\"ListItem\",\"position\":1,\"name\":\"Startseite\",\"item\":\"https:\\\/\\\/www.dietrichconsulting.ch\\\/home\\\/\"},{\"@type\":\"ListItem\",\"position\":2,\"name\":\"Direct Search\"}]},{\"@type\":\"WebSite\",\"@id\":\"https:\\\/\\\/www.dietrichconsulting.ch\\\/#website\",\"url\":\"https:\\\/\\\/www.dietrichconsulting.ch\\\/\",\"name\":\"Dietrich Consulting\",\"description\":\"IT\\\/Sales Direct Search AND Business Sparring\",\"publisher\":{\"@id\":\"https:\\\/\\\/www.dietrichconsulting.ch\\\/#organization\"},\"potentialAction\":[{\"@type\":\"SearchAction\",\"target\":{\"@type\":\"EntryPoint\",\"urlTemplate\":\"https:\\\/\\\/www.dietrichconsulting.ch\\\/?s={search_term_string}\"},\"query-input\":{\"@type\":\"PropertyValueSpecification\",\"valueRequired\":true,\"valueName\":\"search_term_string\"}}],\"inLanguage\":\"fr-FR\"},{\"@type\":\"Organization\",\"@id\":\"https:\\\/\\\/www.dietrichconsulting.ch\\\/#organization\",\"name\":\"Dietrich Consulting\",\"url\":\"https:\\\/\\\/www.dietrichconsulting.ch\\\/\",\"logo\":{\"@type\":\"ImageObject\",\"inLanguage\":\"fr-FR\",\"@id\":\"https:\\\/\\\/www.dietrichconsulting.ch\\\/#\\\/schema\\\/logo\\\/image\\\/\",\"url\":\"https:\\\/\\\/dietrichconsulting.ch\\\/webseite\\\/wp-content\\\/uploads\\\/2020\\\/04\\\/dietrich-consulting-farbig-quadratisch-1.jpg\",\"contentUrl\":\"https:\\\/\\\/dietrichconsulting.ch\\\/webseite\\\/wp-content\\\/uploads\\\/2020\\\/04\\\/dietrich-consulting-farbig-quadratisch-1.jpg\",\"width\":1500,\"height\":1500,\"caption\":\"Dietrich Consulting\"},\"image\":{\"@id\":\"https:\\\/\\\/www.dietrichconsulting.ch\\\/#\\\/schema\\\/logo\\\/image\\\/\"}}]}<\/script>\n<!-- \/ Yoast SEO plugin. -->","yoast_head_json":{"title":"Direct Search - Dietrich Consulting","description":"Unsere Zielpersonen reagieren erfahrungsgem\u00e4ss nicht auf Stelleninserate. Mit Hilfe unseres Direct Search Ansatzes finden und kontaktieren wir sie. Unabh\u00e4ngig ob eine Personalsuche diskret verlaufen muss oder nicht.","robots":{"index":"index","follow":"follow","max-snippet":"max-snippet:-1","max-image-preview":"max-image-preview:large","max-video-preview":"max-video-preview:-1"},"canonical":"https:\/\/www.dietrichconsulting.ch\/fr\/direct-search\/","og_locale":"fr_FR","og_type":"article","og_title":"Direct Search - Dietrich Consulting","og_description":"Unsere Zielpersonen reagieren erfahrungsgem\u00e4ss nicht auf Stelleninserate. Mit Hilfe unseres Direct Search Ansatzes finden und kontaktieren wir sie. Unabh\u00e4ngig ob eine Personalsuche diskret verlaufen muss oder nicht.","og_url":"https:\/\/www.dietrichconsulting.ch\/fr\/direct-search\/","og_site_name":"Dietrich Consulting","article_modified_time":"2024-08-15T19:47:04+00:00","twitter_card":"summary_large_image","twitter_misc":{"Dur\u00e9e de lecture estim\u00e9e":"1 minute"},"schema":{"@context":"https:\/\/schema.org","@graph":[{"@type":"WebPage","@id":"https:\/\/www.dietrichconsulting.ch\/direct-search\/","url":"https:\/\/www.dietrichconsulting.ch\/direct-search\/","name":"Direct Search - Dietrich Consulting","isPartOf":{"@id":"https:\/\/www.dietrichconsulting.ch\/#website"},"datePublished":"2020-03-25T10:58:03+00:00","dateModified":"2024-08-15T19:47:04+00:00","description":"Unsere Zielpersonen reagieren erfahrungsgem\u00e4ss nicht auf Stelleninserate. Mit Hilfe unseres Direct Search Ansatzes finden und kontaktieren wir sie. Unabh\u00e4ngig ob eine Personalsuche diskret verlaufen muss oder nicht.","breadcrumb":{"@id":"https:\/\/www.dietrichconsulting.ch\/direct-search\/#breadcrumb"},"inLanguage":"fr-FR","potentialAction":[{"@type":"ReadAction","target":["https:\/\/www.dietrichconsulting.ch\/direct-search\/"]}]},{"@type":"BreadcrumbList","@id":"https:\/\/www.dietrichconsulting.ch\/direct-search\/#breadcrumb","itemListElement":[{"@type":"ListItem","position":1,"name":"Startseite","item":"https:\/\/www.dietrichconsulting.ch\/home\/"},{"@type":"ListItem","position":2,"name":"Direct Search"}]},{"@type":"WebSite","@id":"https:\/\/www.dietrichconsulting.ch\/#website","url":"https:\/\/www.dietrichconsulting.ch\/","name":"Dietrich Consulting","description":"IT\/Sales Direct Search AND Business Sparring","publisher":{"@id":"https:\/\/www.dietrichconsulting.ch\/#organization"},"potentialAction":[{"@type":"SearchAction","target":{"@type":"EntryPoint","urlTemplate":"https:\/\/www.dietrichconsulting.ch\/?s={search_term_string}"},"query-input":{"@type":"PropertyValueSpecification","valueRequired":true,"valueName":"search_term_string"}}],"inLanguage":"fr-FR"},{"@type":"Organization","@id":"https:\/\/www.dietrichconsulting.ch\/#organization","name":"Dietrich Consulting","url":"https:\/\/www.dietrichconsulting.ch\/","logo":{"@type":"ImageObject","inLanguage":"fr-FR","@id":"https:\/\/www.dietrichconsulting.ch\/#\/schema\/logo\/image\/","url":"https:\/\/dietrichconsulting.ch\/webseite\/wp-content\/uploads\/2020\/04\/dietrich-consulting-farbig-quadratisch-1.jpg","contentUrl":"https:\/\/dietrichconsulting.ch\/webseite\/wp-content\/uploads\/2020\/04\/dietrich-consulting-farbig-quadratisch-1.jpg","width":1500,"height":1500,"caption":"Dietrich Consulting"},"image":{"@id":"https:\/\/www.dietrichconsulting.ch\/#\/schema\/logo\/image\/"}}]}},"_links":{"self":[{"href":"https:\/\/www.dietrichconsulting.ch\/fr\/wp-json\/wp\/v2\/pages\/105","targetHints":{"allow":["GET"]}}],"collection":[{"href":"https:\/\/www.dietrichconsulting.ch\/fr\/wp-json\/wp\/v2\/pages"}],"about":[{"href":"https:\/\/www.dietrichconsulting.ch\/fr\/wp-json\/wp\/v2\/types\/page"}],"author":[{"embeddable":true,"href":"https:\/\/www.dietrichconsulting.ch\/fr\/wp-json\/wp\/v2\/users\/1"}],"replies":[{"embeddable":true,"href":"https:\/\/www.dietrichconsulting.ch\/fr\/wp-json\/wp\/v2\/comments?post=105"}],"version-history":[{"count":32,"href":"https:\/\/www.dietrichconsulting.ch\/fr\/wp-json\/wp\/v2\/pages\/105\/revisions"}],"predecessor-version":[{"id":1915,"href":"https:\/\/www.dietrichconsulting.ch\/fr\/wp-json\/wp\/v2\/pages\/105\/revisions\/1915"}],"wp:attachment":[{"href":"https:\/\/www.dietrichconsulting.ch\/fr\/wp-json\/wp\/v2\/media?parent=105"}],"curies":[{"name":"wp","href":"https:\/\/api.w.org\/{rel}","templated":true}]}}