{"id":174,"date":"2020-03-26T16:43:50","date_gmt":"2020-03-26T15:43:50","guid":{"rendered":"https:\/\/dietrichconsulting.ch\/webseite\/?page_id=174"},"modified":"2024-08-18T21:49:07","modified_gmt":"2024-08-18T19:49:07","slug":"business-sparring","status":"publish","type":"page","link":"https:\/\/www.dietrichconsulting.ch\/fr\/business-sparring\/","title":{"rendered":"Business Sparring"},"content":{"rendered":"<style type=\"text\/css\" data-created_by=\"avia_inline_auto\" id=\"style-css-av-k877rh2n-5a47dd52d176df070d7c38364189fd81\">\n.avia-section.av-k877rh2n-5a47dd52d176df070d7c38364189fd81 .av-parallax .av-parallax-inner{\nbackground-repeat:no-repeat;\nbackground-image:url(https:\/\/www.dietrichconsulting.ch\/webseite\/wp-content\/uploads\/2020\/04\/business-sparring-dietrich-consulting.jpg);\nbackground-position:50% 100%;\nbackground-attachment:scroll;\n}\n<\/style>\n<div id='av_section_1'  class='avia-section av-k877rh2n-5a47dd52d176df070d7c38364189fd81 main_color avia-section-default avia-no-border-styling  avia-builder-el-0  el_before_av_section  avia-builder-el-first  avia-full-stretch av-parallax-section avia-bg-style-parallax av-minimum-height av-minimum-height-50 av-height-50  container_wrap fullsize'  data-section-bg-repeat='stretch' data-av_minimum_height_pc='50' data-av_min_height_opt='50'><div class='av-parallax' data-avia-parallax-ratio='0.3' ><div class='av-parallax-inner main_color avia-full-stretch'><\/div><\/div><div class='container av-section-cont-open' ><main  role=\"main\" itemprop=\"mainContentOfPage\"  class='template-page content  av-content-full alpha units'><div class='post-entry post-entry-type-page post-entry-174'><div class='entry-content-wrapper clearfix'>\n<\/div><\/div><\/main><!-- close content main element --><\/div><\/div>\n<style type=\"text\/css\" data-created_by=\"avia_inline_auto\" id=\"style-css-av-1oagj-ea3eafcc7afaec393fc159ff959eb6ea\">\n.avia-section.av-1oagj-ea3eafcc7afaec393fc159ff959eb6ea{\nbackground-color:#ffffff;\nbackground-image:unset;\n}\n<\/style>\n<div id='av_section_2'  class='avia-section av-1oagj-ea3eafcc7afaec393fc159ff959eb6ea main_color avia-section-default avia-no-border-styling  avia-builder-el-1  el_after_av_section  avia-builder-el-last  avia-bg-style-scroll container_wrap fullsize'  ><div class='container av-section-cont-open' ><div class='template-page content  av-content-full alpha units'><div class='post-entry post-entry-type-page post-entry-174'><div class='entry-content-wrapper clearfix'>\n\n<style type=\"text\/css\" data-created_by=\"avia_inline_auto\" id=\"style-css-av-6zobi-a4e9eb89a4dfc4f74b3698896b0ac26f\">\n#top .av-special-heading.av-6zobi-a4e9eb89a4dfc4f74b3698896b0ac26f{\npadding-bottom:10px;\n}\nbody .av-special-heading.av-6zobi-a4e9eb89a4dfc4f74b3698896b0ac26f .av-special-heading-tag .heading-char{\nfont-size:25px;\n}\n.av-special-heading.av-6zobi-a4e9eb89a4dfc4f74b3698896b0ac26f .av-subheading{\nfont-size:15px;\n}\n<\/style>\n<div  class='av-special-heading av-6zobi-a4e9eb89a4dfc4f74b3698896b0ac26f av-special-heading-h1 blockquote modern-quote  avia-builder-el-2  el_before_av_textblock  avia-builder-el-first'><h1 class='av-special-heading-tag'  itemprop=\"headline\"  >Business Sparring<\/h1><div class=\"special-heading-border\"><div class=\"special-heading-inner-border\"><\/div><\/div><\/div>\n\n<style type=\"text\/css\" data-created_by=\"avia_inline_auto\" id=\"style-css-av-k7n6clld-64d67d20213590556d2161c9f8a70754\">\n#top .av_textblock_section.av-k7n6clld-64d67d20213590556d2161c9f8a70754 .avia_textblock{\nfont-size:20px;\ncolor:#000000;\n}\n<\/style>\n<section  class='av_textblock_section av-k7n6clld-64d67d20213590556d2161c9f8a70754'   itemscope=\"itemscope\" itemtype=\"https:\/\/schema.org\/CreativeWork\" ><div class='avia_textblock av_inherit_color'  itemprop=\"text\" ><p>Par \u00ab Business Sparring \u00bb, nous entendons des services dans lesquels nous conseillons nos clients tout en intervenant activement dans leurs activit\u00e9s quotidiennes, afin d'atteindre ensemble les objectifs d\u00e9finis.<\/p>\n<p>Le Business Sparring est toujours sur mesure et s'adapte aux besoins et aux possibilit\u00e9s de chaque client.<\/p>\n<p>Nos mandats incluent par exemple la mise en place d'une plateforme de recrutement en tant que service manag\u00e9 ou l'accompagnement d'un propri\u00e9taire dans le d\u00e9veloppement de sa strat\u00e9gie d'entreprise, de marketing et de ressources humaines.<\/p>\n<p>Nous serions heureux de faire votre connaissance lors d'un entretien personnel et nous nous r\u00e9jouissons de votre prise de contact.<\/p>\n<\/div><\/section>\n<div  class='avia-button-wrap av-lzzkw6i7-a4653b9cb960c9e6b506352a05052d04-wrap avia-button-left  avia-builder-el-4  el_after_av_textblock  avia-builder-el-last'>\n<style type=\"text\/css\" data-created_by=\"avia_inline_auto\" id=\"style-css-av-lzzkw6i7-a4653b9cb960c9e6b506352a05052d04\">\n#top #wrap_all .avia-button.av-lzzkw6i7-a4653b9cb960c9e6b506352a05052d04{\nfont-size:20px;\ntransition:all 0.4s ease-in-out;\n}\n<\/style>\n<a href='https:\/\/www.dietrichconsulting.ch\/fr\/#contact'  class='avia-button av-lzzkw6i7-a4653b9cb960c9e6b506352a05052d04 av-link-btn avia-icon_select-no avia-size-medium avia-position-left avia-color-theme-color'   aria-label=\"Contact\"><span class='avia_iconbox_title' >Contact<\/span><\/a><\/div>","protected":false},"excerpt":{"rendered":"","protected":false},"author":1,"featured_media":0,"parent":0,"menu_order":0,"comment_status":"closed","ping_status":"closed","template":"","meta":{"footnotes":""},"class_list":["post-174","page","type-page","status-publish","hentry"],"yoast_head":"<!-- This site is optimized with the Yoast SEO plugin v27.5 - https:\/\/yoast.com\/product\/yoast-seo-wordpress\/ -->\n<title>Business Sparring - Dietrich Consulting<\/title>\n<meta name=\"description\" content=\"Unsere Business Sparring Mandate sind immer massgeschneidert und befassen sich mit den Themen Personalgewinnung, F\u00fchrung, Strategie- und Vertriebsentwicklung.\" \/>\n<meta name=\"robots\" content=\"index, follow, max-snippet:-1, max-image-preview:large, max-video-preview:-1\" \/>\n<link rel=\"canonical\" href=\"https:\/\/www.dietrichconsulting.ch\/fr\/business-sparring\/\" \/>\n<meta property=\"og:locale\" content=\"fr_FR\" \/>\n<meta property=\"og:type\" content=\"article\" \/>\n<meta property=\"og:title\" content=\"Business Sparring - Dietrich Consulting\" \/>\n<meta property=\"og:description\" content=\"Unsere Business Sparring Mandate sind immer massgeschneidert und befassen sich mit den Themen Personalgewinnung, F\u00fchrung, Strategie- und Vertriebsentwicklung.\" \/>\n<meta property=\"og:url\" content=\"https:\/\/www.dietrichconsulting.ch\/fr\/business-sparring\/\" \/>\n<meta property=\"og:site_name\" content=\"Dietrich Consulting\" \/>\n<meta property=\"article:modified_time\" content=\"2024-08-18T19:49:07+00:00\" \/>\n<meta name=\"twitter:card\" content=\"summary_large_image\" \/>\n<meta name=\"twitter:label1\" content=\"Dur\u00e9e de lecture estim\u00e9e\" \/>\n\t<meta name=\"twitter:data1\" content=\"1 minute\" \/>\n<script type=\"application\/ld+json\" class=\"yoast-schema-graph\">{\"@context\":\"https:\\\/\\\/schema.org\",\"@graph\":[{\"@type\":\"WebPage\",\"@id\":\"https:\\\/\\\/www.dietrichconsulting.ch\\\/business-sparring\\\/\",\"url\":\"https:\\\/\\\/www.dietrichconsulting.ch\\\/business-sparring\\\/\",\"name\":\"Business Sparring - Dietrich Consulting\",\"isPartOf\":{\"@id\":\"https:\\\/\\\/www.dietrichconsulting.ch\\\/#website\"},\"datePublished\":\"2020-03-26T15:43:50+00:00\",\"dateModified\":\"2024-08-18T19:49:07+00:00\",\"description\":\"Unsere Business Sparring Mandate sind immer massgeschneidert und befassen sich mit den Themen Personalgewinnung, F\u00fchrung, Strategie- und Vertriebsentwicklung.\",\"breadcrumb\":{\"@id\":\"https:\\\/\\\/www.dietrichconsulting.ch\\\/business-sparring\\\/#breadcrumb\"},\"inLanguage\":\"fr-FR\",\"potentialAction\":[{\"@type\":\"ReadAction\",\"target\":[\"https:\\\/\\\/www.dietrichconsulting.ch\\\/business-sparring\\\/\"]}]},{\"@type\":\"BreadcrumbList\",\"@id\":\"https:\\\/\\\/www.dietrichconsulting.ch\\\/business-sparring\\\/#breadcrumb\",\"itemListElement\":[{\"@type\":\"ListItem\",\"position\":1,\"name\":\"Startseite\",\"item\":\"https:\\\/\\\/www.dietrichconsulting.ch\\\/home\\\/\"},{\"@type\":\"ListItem\",\"position\":2,\"name\":\"Business Sparring\"}]},{\"@type\":\"WebSite\",\"@id\":\"https:\\\/\\\/www.dietrichconsulting.ch\\\/#website\",\"url\":\"https:\\\/\\\/www.dietrichconsulting.ch\\\/\",\"name\":\"Dietrich Consulting\",\"description\":\"IT\\\/Sales Direct Search AND Business Sparring\",\"publisher\":{\"@id\":\"https:\\\/\\\/www.dietrichconsulting.ch\\\/#organization\"},\"potentialAction\":[{\"@type\":\"SearchAction\",\"target\":{\"@type\":\"EntryPoint\",\"urlTemplate\":\"https:\\\/\\\/www.dietrichconsulting.ch\\\/?s={search_term_string}\"},\"query-input\":{\"@type\":\"PropertyValueSpecification\",\"valueRequired\":true,\"valueName\":\"search_term_string\"}}],\"inLanguage\":\"fr-FR\"},{\"@type\":\"Organization\",\"@id\":\"https:\\\/\\\/www.dietrichconsulting.ch\\\/#organization\",\"name\":\"Dietrich Consulting\",\"url\":\"https:\\\/\\\/www.dietrichconsulting.ch\\\/\",\"logo\":{\"@type\":\"ImageObject\",\"inLanguage\":\"fr-FR\",\"@id\":\"https:\\\/\\\/www.dietrichconsulting.ch\\\/#\\\/schema\\\/logo\\\/image\\\/\",\"url\":\"https:\\\/\\\/dietrichconsulting.ch\\\/webseite\\\/wp-content\\\/uploads\\\/2020\\\/04\\\/dietrich-consulting-farbig-quadratisch-1.jpg\",\"contentUrl\":\"https:\\\/\\\/dietrichconsulting.ch\\\/webseite\\\/wp-content\\\/uploads\\\/2020\\\/04\\\/dietrich-consulting-farbig-quadratisch-1.jpg\",\"width\":1500,\"height\":1500,\"caption\":\"Dietrich Consulting\"},\"image\":{\"@id\":\"https:\\\/\\\/www.dietrichconsulting.ch\\\/#\\\/schema\\\/logo\\\/image\\\/\"}}]}<\/script>\n<!-- \/ Yoast SEO plugin. -->","yoast_head_json":{"title":"Business Sparring - Dietrich Consulting","description":"Unsere Business Sparring Mandate sind immer massgeschneidert und befassen sich mit den Themen Personalgewinnung, F\u00fchrung, Strategie- und Vertriebsentwicklung.","robots":{"index":"index","follow":"follow","max-snippet":"max-snippet:-1","max-image-preview":"max-image-preview:large","max-video-preview":"max-video-preview:-1"},"canonical":"https:\/\/www.dietrichconsulting.ch\/fr\/business-sparring\/","og_locale":"fr_FR","og_type":"article","og_title":"Business Sparring - Dietrich Consulting","og_description":"Unsere Business Sparring Mandate sind immer massgeschneidert und befassen sich mit den Themen Personalgewinnung, F\u00fchrung, Strategie- und Vertriebsentwicklung.","og_url":"https:\/\/www.dietrichconsulting.ch\/fr\/business-sparring\/","og_site_name":"Dietrich Consulting","article_modified_time":"2024-08-18T19:49:07+00:00","twitter_card":"summary_large_image","twitter_misc":{"Dur\u00e9e de lecture estim\u00e9e":"1 minute"},"schema":{"@context":"https:\/\/schema.org","@graph":[{"@type":"WebPage","@id":"https:\/\/www.dietrichconsulting.ch\/business-sparring\/","url":"https:\/\/www.dietrichconsulting.ch\/business-sparring\/","name":"Business Sparring - Dietrich Consulting","isPartOf":{"@id":"https:\/\/www.dietrichconsulting.ch\/#website"},"datePublished":"2020-03-26T15:43:50+00:00","dateModified":"2024-08-18T19:49:07+00:00","description":"Unsere Business Sparring Mandate sind immer massgeschneidert und befassen sich mit den Themen Personalgewinnung, F\u00fchrung, Strategie- und Vertriebsentwicklung.","breadcrumb":{"@id":"https:\/\/www.dietrichconsulting.ch\/business-sparring\/#breadcrumb"},"inLanguage":"fr-FR","potentialAction":[{"@type":"ReadAction","target":["https:\/\/www.dietrichconsulting.ch\/business-sparring\/"]}]},{"@type":"BreadcrumbList","@id":"https:\/\/www.dietrichconsulting.ch\/business-sparring\/#breadcrumb","itemListElement":[{"@type":"ListItem","position":1,"name":"Startseite","item":"https:\/\/www.dietrichconsulting.ch\/home\/"},{"@type":"ListItem","position":2,"name":"Business Sparring"}]},{"@type":"WebSite","@id":"https:\/\/www.dietrichconsulting.ch\/#website","url":"https:\/\/www.dietrichconsulting.ch\/","name":"Dietrich Consulting","description":"IT\/Sales Direct Search AND Business Sparring","publisher":{"@id":"https:\/\/www.dietrichconsulting.ch\/#organization"},"potentialAction":[{"@type":"SearchAction","target":{"@type":"EntryPoint","urlTemplate":"https:\/\/www.dietrichconsulting.ch\/?s={search_term_string}"},"query-input":{"@type":"PropertyValueSpecification","valueRequired":true,"valueName":"search_term_string"}}],"inLanguage":"fr-FR"},{"@type":"Organization","@id":"https:\/\/www.dietrichconsulting.ch\/#organization","name":"Dietrich Consulting","url":"https:\/\/www.dietrichconsulting.ch\/","logo":{"@type":"ImageObject","inLanguage":"fr-FR","@id":"https:\/\/www.dietrichconsulting.ch\/#\/schema\/logo\/image\/","url":"https:\/\/dietrichconsulting.ch\/webseite\/wp-content\/uploads\/2020\/04\/dietrich-consulting-farbig-quadratisch-1.jpg","contentUrl":"https:\/\/dietrichconsulting.ch\/webseite\/wp-content\/uploads\/2020\/04\/dietrich-consulting-farbig-quadratisch-1.jpg","width":1500,"height":1500,"caption":"Dietrich Consulting"},"image":{"@id":"https:\/\/www.dietrichconsulting.ch\/#\/schema\/logo\/image\/"}}]}},"_links":{"self":[{"href":"https:\/\/www.dietrichconsulting.ch\/fr\/wp-json\/wp\/v2\/pages\/174","targetHints":{"allow":["GET"]}}],"collection":[{"href":"https:\/\/www.dietrichconsulting.ch\/fr\/wp-json\/wp\/v2\/pages"}],"about":[{"href":"https:\/\/www.dietrichconsulting.ch\/fr\/wp-json\/wp\/v2\/types\/page"}],"author":[{"embeddable":true,"href":"https:\/\/www.dietrichconsulting.ch\/fr\/wp-json\/wp\/v2\/users\/1"}],"replies":[{"embeddable":true,"href":"https:\/\/www.dietrichconsulting.ch\/fr\/wp-json\/wp\/v2\/comments?post=174"}],"version-history":[{"count":31,"href":"https:\/\/www.dietrichconsulting.ch\/fr\/wp-json\/wp\/v2\/pages\/174\/revisions"}],"predecessor-version":[{"id":2294,"href":"https:\/\/www.dietrichconsulting.ch\/fr\/wp-json\/wp\/v2\/pages\/174\/revisions\/2294"}],"wp:attachment":[{"href":"https:\/\/www.dietrichconsulting.ch\/fr\/wp-json\/wp\/v2\/media?parent=174"}],"curies":[{"name":"wp","href":"https:\/\/api.w.org\/{rel}","templated":true}]}}