{"id":774,"date":"2020-05-14T00:22:34","date_gmt":"2020-05-13T22:22:34","guid":{"rendered":"https:\/\/dietrichconsulting.ch\/webseite\/?page_id=774"},"modified":"2024-06-16T17:06:49","modified_gmt":"2024-06-16T15:06:49","slug":"confirmation","status":"publish","type":"page","link":"https:\/\/www.dietrichconsulting.ch\/fr\/dossier-center\/confirmation\/","title":{"rendered":"Confirmation"},"content":{"rendered":"<style type=\"text\/css\" data-created_by=\"avia_inline_auto\" id=\"style-css-av-k9iltzfz-0b31e57124c796072ae28ae62bbda919\">\n.avia-section.av-k9iltzfz-0b31e57124c796072ae28ae62bbda919{\nbackground-repeat:no-repeat;\nbackground-image:url(https:\/\/www.dietrichconsulting.ch\/webseite\/wp-content\/uploads\/2020\/04\/dossier-center-dietrich-consulting-scaled.jpg);\nbackground-position:50% 50%;\nbackground-attachment:scroll;\n}\n<\/style>\n<div id='av_section_1'  class='avia-section av-k9iltzfz-0b31e57124c796072ae28ae62bbda919 main_color avia-section-default avia-no-border-styling  avia-builder-el-0  el_before_av_one_full  avia-builder-el-first  avia-full-stretch avia-bg-style-scroll av-minimum-height av-minimum-height-50 av-height-50  container_wrap fullsize'  data-section-bg-repeat='stretch' data-av_minimum_height_pc='50' data-av_min_height_opt='50'><div class='container av-section-cont-open' ><main  role=\"main\" itemprop=\"mainContentOfPage\"  class='template-page content  av-content-full alpha units'><div class='post-entry post-entry-type-page post-entry-774'><div class='entry-content-wrapper clearfix'><\/div><\/div><\/main><!-- close content main element --><\/div><\/div><div id='after_section_1'  class='main_color av_default_container_wrap container_wrap fullsize'  ><div class='container av-section-cont-open' ><div class='template-page content  av-content-full alpha units'><div class='post-entry post-entry-type-page post-entry-774'><div class='entry-content-wrapper clearfix'>\n\n<style type=\"text\/css\" data-created_by=\"avia_inline_auto\" id=\"style-css-av-8w49o-2f31b140c4fe5c7535bc0a8de439e2e1\">\n.flex_column.av-8w49o-2f31b140c4fe5c7535bc0a8de439e2e1{\nborder-radius:0px 0px 0px 0px;\npadding:0px 0px 0px 0px;\n}\n<\/style>\n<div  class='flex_column av-8w49o-2f31b140c4fe5c7535bc0a8de439e2e1 av_one_full  avia-builder-el-1  el_after_av_section  avia-builder-el-no-sibling  first flex_column_div av-zero-column-padding'     ><style type=\"text\/css\" data-created_by=\"avia_inline_auto\" id=\"style-css-av-k9ilwwwe-0728a93bf893b59f2ef5af11bf24bbb2\">\n#top .av_textblock_section.av-k9ilwwwe-0728a93bf893b59f2ef5af11bf24bbb2 .avia_textblock{\nfont-size:20px;\ncolor:#000000;\n}\n<\/style>\n<section  class='av_textblock_section av-k9ilwwwe-0728a93bf893b59f2ef5af11bf24bbb2'   itemscope=\"itemscope\" itemtype=\"https:\/\/schema.org\/CreativeWork\" ><div class='avia_textblock av_inherit_color'  itemprop=\"text\" ><p>Merci de nous avoir transmis votre dossier.<\/p>\n<p>La v\u00e9rification de vos donn\u00e9es peut prendre quelques jours. Nous vous contacterons d\u00e8s que possible.<\/p>\n<\/div><\/section><\/div>","protected":false},"excerpt":{"rendered":"","protected":false},"author":1,"featured_media":0,"parent":452,"menu_order":0,"comment_status":"closed","ping_status":"closed","template":"","meta":{"footnotes":""},"class_list":["post-774","page","type-page","status-publish","hentry"],"yoast_head":"<!-- This site is optimized with the Yoast SEO plugin v27.4 - https:\/\/yoast.com\/product\/yoast-seo-wordpress\/ -->\n<title>Confirmation - Dietrich Consulting<\/title>\n<meta name=\"robots\" content=\"index, follow, max-snippet:-1, max-image-preview:large, max-video-preview:-1\" \/>\n<link rel=\"canonical\" href=\"https:\/\/www.dietrichconsulting.ch\/fr\/dossier-center\/confirmation\/\" \/>\n<meta property=\"og:locale\" content=\"fr_FR\" \/>\n<meta property=\"og:type\" content=\"article\" \/>\n<meta property=\"og:title\" content=\"Confirmation - Dietrich Consulting\" \/>\n<meta property=\"og:url\" content=\"https:\/\/www.dietrichconsulting.ch\/fr\/dossier-center\/confirmation\/\" \/>\n<meta property=\"og:site_name\" content=\"Dietrich Consulting\" \/>\n<meta property=\"article:modified_time\" content=\"2024-06-16T15:06:49+00:00\" \/>\n<meta name=\"twitter:card\" content=\"summary_large_image\" \/>\n<meta name=\"twitter:label1\" content=\"Dur\u00e9e de lecture estim\u00e9e\" \/>\n\t<meta name=\"twitter:data1\" content=\"1 minute\" \/>\n<script type=\"application\/ld+json\" class=\"yoast-schema-graph\">{\"@context\":\"https:\\\/\\\/schema.org\",\"@graph\":[{\"@type\":\"WebPage\",\"@id\":\"https:\\\/\\\/www.dietrichconsulting.ch\\\/dossier-center\\\/confirmation\\\/\",\"url\":\"https:\\\/\\\/www.dietrichconsulting.ch\\\/dossier-center\\\/confirmation\\\/\",\"name\":\"Confirmation - Dietrich Consulting\",\"isPartOf\":{\"@id\":\"https:\\\/\\\/www.dietrichconsulting.ch\\\/#website\"},\"datePublished\":\"2020-05-13T22:22:34+00:00\",\"dateModified\":\"2024-06-16T15:06:49+00:00\",\"breadcrumb\":{\"@id\":\"https:\\\/\\\/www.dietrichconsulting.ch\\\/dossier-center\\\/confirmation\\\/#breadcrumb\"},\"inLanguage\":\"fr-FR\",\"potentialAction\":[{\"@type\":\"ReadAction\",\"target\":[\"https:\\\/\\\/www.dietrichconsulting.ch\\\/dossier-center\\\/confirmation\\\/\"]}]},{\"@type\":\"BreadcrumbList\",\"@id\":\"https:\\\/\\\/www.dietrichconsulting.ch\\\/dossier-center\\\/confirmation\\\/#breadcrumb\",\"itemListElement\":[{\"@type\":\"ListItem\",\"position\":1,\"name\":\"Startseite\",\"item\":\"https:\\\/\\\/www.dietrichconsulting.ch\\\/home\\\/\"},{\"@type\":\"ListItem\",\"position\":2,\"name\":\"Dossier Center\",\"item\":\"https:\\\/\\\/www.dietrichconsulting.ch\\\/dossier-center\\\/\"},{\"@type\":\"ListItem\",\"position\":3,\"name\":\"Confirmation\"}]},{\"@type\":\"WebSite\",\"@id\":\"https:\\\/\\\/www.dietrichconsulting.ch\\\/#website\",\"url\":\"https:\\\/\\\/www.dietrichconsulting.ch\\\/\",\"name\":\"Dietrich Consulting\",\"description\":\"IT\\\/Sales Direct Search AND Business Sparring\",\"publisher\":{\"@id\":\"https:\\\/\\\/www.dietrichconsulting.ch\\\/#organization\"},\"potentialAction\":[{\"@type\":\"SearchAction\",\"target\":{\"@type\":\"EntryPoint\",\"urlTemplate\":\"https:\\\/\\\/www.dietrichconsulting.ch\\\/?s={search_term_string}\"},\"query-input\":{\"@type\":\"PropertyValueSpecification\",\"valueRequired\":true,\"valueName\":\"search_term_string\"}}],\"inLanguage\":\"fr-FR\"},{\"@type\":\"Organization\",\"@id\":\"https:\\\/\\\/www.dietrichconsulting.ch\\\/#organization\",\"name\":\"Dietrich Consulting\",\"url\":\"https:\\\/\\\/www.dietrichconsulting.ch\\\/\",\"logo\":{\"@type\":\"ImageObject\",\"inLanguage\":\"fr-FR\",\"@id\":\"https:\\\/\\\/www.dietrichconsulting.ch\\\/#\\\/schema\\\/logo\\\/image\\\/\",\"url\":\"https:\\\/\\\/dietrichconsulting.ch\\\/webseite\\\/wp-content\\\/uploads\\\/2020\\\/04\\\/dietrich-consulting-farbig-quadratisch-1.jpg\",\"contentUrl\":\"https:\\\/\\\/dietrichconsulting.ch\\\/webseite\\\/wp-content\\\/uploads\\\/2020\\\/04\\\/dietrich-consulting-farbig-quadratisch-1.jpg\",\"width\":1500,\"height\":1500,\"caption\":\"Dietrich Consulting\"},\"image\":{\"@id\":\"https:\\\/\\\/www.dietrichconsulting.ch\\\/#\\\/schema\\\/logo\\\/image\\\/\"}}]}<\/script>\n<!-- \/ Yoast SEO plugin. -->","yoast_head_json":{"title":"Confirmation - Dietrich Consulting","robots":{"index":"index","follow":"follow","max-snippet":"max-snippet:-1","max-image-preview":"max-image-preview:large","max-video-preview":"max-video-preview:-1"},"canonical":"https:\/\/www.dietrichconsulting.ch\/fr\/dossier-center\/confirmation\/","og_locale":"fr_FR","og_type":"article","og_title":"Confirmation - Dietrich Consulting","og_url":"https:\/\/www.dietrichconsulting.ch\/fr\/dossier-center\/confirmation\/","og_site_name":"Dietrich Consulting","article_modified_time":"2024-06-16T15:06:49+00:00","twitter_card":"summary_large_image","twitter_misc":{"Dur\u00e9e de lecture estim\u00e9e":"1 minute"},"schema":{"@context":"https:\/\/schema.org","@graph":[{"@type":"WebPage","@id":"https:\/\/www.dietrichconsulting.ch\/dossier-center\/confirmation\/","url":"https:\/\/www.dietrichconsulting.ch\/dossier-center\/confirmation\/","name":"Confirmation - Dietrich Consulting","isPartOf":{"@id":"https:\/\/www.dietrichconsulting.ch\/#website"},"datePublished":"2020-05-13T22:22:34+00:00","dateModified":"2024-06-16T15:06:49+00:00","breadcrumb":{"@id":"https:\/\/www.dietrichconsulting.ch\/dossier-center\/confirmation\/#breadcrumb"},"inLanguage":"fr-FR","potentialAction":[{"@type":"ReadAction","target":["https:\/\/www.dietrichconsulting.ch\/dossier-center\/confirmation\/"]}]},{"@type":"BreadcrumbList","@id":"https:\/\/www.dietrichconsulting.ch\/dossier-center\/confirmation\/#breadcrumb","itemListElement":[{"@type":"ListItem","position":1,"name":"Startseite","item":"https:\/\/www.dietrichconsulting.ch\/home\/"},{"@type":"ListItem","position":2,"name":"Dossier Center","item":"https:\/\/www.dietrichconsulting.ch\/dossier-center\/"},{"@type":"ListItem","position":3,"name":"Confirmation"}]},{"@type":"WebSite","@id":"https:\/\/www.dietrichconsulting.ch\/#website","url":"https:\/\/www.dietrichconsulting.ch\/","name":"Dietrich Consulting","description":"IT\/Sales Direct Search AND Business Sparring","publisher":{"@id":"https:\/\/www.dietrichconsulting.ch\/#organization"},"potentialAction":[{"@type":"SearchAction","target":{"@type":"EntryPoint","urlTemplate":"https:\/\/www.dietrichconsulting.ch\/?s={search_term_string}"},"query-input":{"@type":"PropertyValueSpecification","valueRequired":true,"valueName":"search_term_string"}}],"inLanguage":"fr-FR"},{"@type":"Organization","@id":"https:\/\/www.dietrichconsulting.ch\/#organization","name":"Dietrich Consulting","url":"https:\/\/www.dietrichconsulting.ch\/","logo":{"@type":"ImageObject","inLanguage":"fr-FR","@id":"https:\/\/www.dietrichconsulting.ch\/#\/schema\/logo\/image\/","url":"https:\/\/dietrichconsulting.ch\/webseite\/wp-content\/uploads\/2020\/04\/dietrich-consulting-farbig-quadratisch-1.jpg","contentUrl":"https:\/\/dietrichconsulting.ch\/webseite\/wp-content\/uploads\/2020\/04\/dietrich-consulting-farbig-quadratisch-1.jpg","width":1500,"height":1500,"caption":"Dietrich Consulting"},"image":{"@id":"https:\/\/www.dietrichconsulting.ch\/#\/schema\/logo\/image\/"}}]}},"_links":{"self":[{"href":"https:\/\/www.dietrichconsulting.ch\/fr\/wp-json\/wp\/v2\/pages\/774","targetHints":{"allow":["GET"]}}],"collection":[{"href":"https:\/\/www.dietrichconsulting.ch\/fr\/wp-json\/wp\/v2\/pages"}],"about":[{"href":"https:\/\/www.dietrichconsulting.ch\/fr\/wp-json\/wp\/v2\/types\/page"}],"author":[{"embeddable":true,"href":"https:\/\/www.dietrichconsulting.ch\/fr\/wp-json\/wp\/v2\/users\/1"}],"replies":[{"embeddable":true,"href":"https:\/\/www.dietrichconsulting.ch\/fr\/wp-json\/wp\/v2\/comments?post=774"}],"version-history":[{"count":7,"href":"https:\/\/www.dietrichconsulting.ch\/fr\/wp-json\/wp\/v2\/pages\/774\/revisions"}],"predecessor-version":[{"id":1480,"href":"https:\/\/www.dietrichconsulting.ch\/fr\/wp-json\/wp\/v2\/pages\/774\/revisions\/1480"}],"up":[{"embeddable":true,"href":"https:\/\/www.dietrichconsulting.ch\/fr\/wp-json\/wp\/v2\/pages\/452"}],"wp:attachment":[{"href":"https:\/\/www.dietrichconsulting.ch\/fr\/wp-json\/wp\/v2\/media?parent=774"}],"curies":[{"name":"wp","href":"https:\/\/api.w.org\/{rel}","templated":true}]}}